{"id":12,"date":"2019-09-03T10:58:00","date_gmt":"2019-09-03T08:58:00","guid":{"rendered":"https:\/\/www.ucedslovensko.sk\/?page_id=12"},"modified":"2025-10-29T13:31:02","modified_gmt":"2025-10-29T12:31:02","slug":"home","status":"publish","type":"page","link":"https:\/\/www.ucedslovensko.sk\/en\/","title":{"rendered":"Title page"},"content":{"rendered":"<p>[vc_row full_width=&#8221;stretch_row_content_no_spaces&#8221;][vc_column][vc_raw_html]JTVCY2Fyb3VzZWxCYW5uZXIlNUQ=[\/vc_raw_html][\/vc_column][\/vc_row][vc_row full_width=&#8221;stretch_row_content_no_spaces&#8221; css=&#8221;.vc_custom_1567592616588{background-color: #f9f9f9 !important;}&#8221;][vc_column][vc_row_inner el_class=&#8221;container boxes&#8211;icons-text&#8221;][vc_column_inner width=&#8221;1\/3&#8243;][vc_single_image image=&#8221;23&#8243; img_size=&#8221;full&#8221; el_class=&#8221;mr-4&#8243;][vc_custom_heading text=&#8221;We encompass the entire energy cycle&#8221; font_container=&#8221;tag:h5|text_align:left&#8221; use_theme_fonts=&#8221;yes&#8221;][\/vc_column_inner][vc_column_inner width=&#8221;1\/3&#8243;][vc_single_image image=&#8221;25&#8243; img_size=&#8221;full&#8221; el_class=&#8221;mr-4&#8243;][vc_custom_heading text=&#8221;We produce clean energy&#8221; font_container=&#8221;tag:h5|text_align:left&#8221; use_theme_fonts=&#8221;yes&#8221;][\/vc_column_inner][vc_column_inner width=&#8221;1\/3&#8243;][vc_single_image image=&#8221;26&#8243; img_size=&#8221;full&#8221; el_class=&#8221;mr-4&#8243;][vc_custom_heading text=&#8221;We are a trusted partner&#8221; font_container=&#8221;tag:h5|text_align:left&#8221; use_theme_fonts=&#8221;yes&#8221;][\/vc_column_inner][\/vc_row_inner][\/vc_column][\/vc_row][vc_row el_class=&#8221;container-fluid mt-md-3&#8243;][vc_column][vc_column_text]<\/p>\n<h2 style=\"text-align: center;\"><span style=\"color: #005189;\">We can give you more\u00a0<\/span>than our energy<\/h2>\n<p>[\/vc_column_text][vc_raw_html]JTVCYWxsU2VnbWVudHMlNUQ=[\/vc_raw_html][\/vc_column][\/vc_row][vc_row full_width=&#8221;stretch_row_content_no_spaces&#8221; css=&#8221;.vc_custom_1568363308035{background-image: url(https:\/\/www.ucedslovensko.sk\/wp-content\/uploads\/2019\/09\/projekty-ktore-maju-stavu.jpg?id=107) !important;}&#8221; el_class=&#8221;fluid-half-image-right&#8221;][vc_column][vc_row_inner el_class=&#8221;container&#8221;][vc_column_inner width=&#8221;1\/2&#8243;][vc_column_text]<\/p>\n<h2><span style=\"color: #005189;\"><strong>We undertake projects<\/strong><\/span><br \/>\n<strong>with momentum<\/strong><\/h2>\n<p>GGE offers a wide portfolio of activities, as well as the experience, professionalism and expertise of our employees.\u00a0<a href=\"https:\/\/www.ucedslovensko.sk\/kontakt\/\">Tell us<\/a> your situation, and we will suggest a solution and a clear path to achieving it as quickly and effectively as possible.<\/p>\n<h3><span style=\"color: #005189;\">We supply comprehensive energy technologies<\/span><\/h3>\n<p>Our thorough and reliable project implementation allows us to provide stable energy supplies for households and businesses, but also public institutions such as schools, hospitals and offices.[\/vc_column_text][\/vc_column_inner][vc_column_inner width=&#8221;1\/2&#8243;][\/vc_column_inner][\/vc_row_inner][\/vc_column][\/vc_row][vc_row el_class=&#8221;container-fluid mt-md-5&#8243;][vc_column el_class=&#8221;mt-md-5&#8243;][vc_column_text]<\/p>\n<h2 style=\"text-align: center;\"><span style=\"color: #005189;\"><strong>Our numbers<\/strong><\/span>\u00a0tell the story<\/h2>\n<p style=\"text-align: center;\">We proudly build and operate our energy distribution systems.<\/p>\n<p>[\/vc_column_text][vc_row_inner el_class=&#8221;container boxes&#8211;circle mt-3 mt-md-5&#8243;][vc_column_inner width=&#8221;1\/4&#8243;][vc_cta h2=&#8221;250&#8243; h4=&#8221;people&#8221; txt_align=&#8221;center&#8221; shape=&#8221;round&#8221;]Employees[\/vc_cta][\/vc_column_inner][vc_column_inner width=&#8221;1\/4&#8243;][vc_cta h2=&#8221;360 mil.&#8221; h4=&#8221;EUR&#8221; txt_align=&#8221;center&#8221; shape=&#8221;round&#8221;]Revenue[\/vc_cta][\/vc_column_inner][vc_column_inner width=&#8221;1\/4&#8243;][vc_cta h2=&#8221;331.268&#8243; h4=&#8221;GWh&#8221; txt_align=&#8221;center&#8221; shape=&#8221;round&#8221;]Electricity produced[\/vc_cta][\/vc_column_inner][vc_column_inner width=&#8221;1\/4&#8243;][vc_cta h2=&#8221;2153.000&#8243; h4=&#8221;GWh&#8221; txt_align=&#8221;center&#8221; shape=&#8221;round&#8221;]Gas supplied[\/vc_cta][\/vc_column_inner][\/vc_row_inner][\/vc_column][\/vc_row]<\/p>","protected":false},"excerpt":{"rendered":"<p>[vc_row full_width=&#8221;stretch_row_content_no_spaces&#8221;][vc_column][vc_raw_html]JTVCY2Fyb3VzZWxCYW5uZXIlNUQ=[\/vc_raw_html][\/vc_column][\/vc_row][vc_row full_width=&#8221;stretch_row_content_no_spaces&#8221; css=&#8221;.vc_custom_1567592616588{background-color: #f9f9f9 !important;}&#8221;][vc_column][vc_row_inner el_class=&#8221;container boxes&#8211;icons-text&#8221;][vc_column_inner width=&#8221;1\/3&#8243;][vc_single_image image=&#8221;23&#8243; img_size=&#8221;full&#8221; el_class=&#8221;mr-4&#8243;][vc_custom_heading text=&#8221;We encompass the entire energy cycle&#8221; font_container=&#8221;tag:h5|text_align:left&#8221; use_theme_fonts=&#8221;yes&#8221;][\/vc_column_inner][vc_column_inner width=&#8221;1\/3&#8243;][vc_single_image image=&#8221;25&#8243; img_size=&#8221;full&#8221; el_class=&#8221;mr-4&#8243;][vc_custom_heading text=&#8221;We produce clean energy&#8221; font_container=&#8221;tag:h5|text_align:left&#8221; use_theme_fonts=&#8221;yes&#8221;][\/vc_column_inner][vc_column_inner width=&#8221;1\/3&#8243;][vc_single_image image=&#8221;26&#8243; img_size=&#8221;full&#8221; el_class=&#8221;mr-4&#8243;][vc_custom_heading text=&#8221;We are a trusted partner&#8221; font_container=&#8221;tag:h5|text_align:left&#8221; use_theme_fonts=&#8221;yes&#8221;][\/vc_column_inner][\/vc_row_inner][\/vc_column][\/vc_row][vc_row el_class=&#8221;container-fluid mt-md-3&#8243;][vc_column][vc_column_text] We can give you more\u00a0than our energy [\/vc_column_text][vc_raw_html]JTVCYWxsU2VnbWVudHMlNUQ=[\/vc_raw_html][\/vc_column][\/vc_row][vc_row full_width=&#8221;stretch_row_content_no_spaces&#8221; css=&#8221;.vc_custom_1568363308035{background-image: url(https:\/\/www.ucedslovensko.sk\/wp-content\/uploads\/2019\/09\/projekty-ktore-maju-stavu.jpg?id=107) !important;}&#8221; [&hellip;]<\/p>\n","protected":false},"author":4,"featured_media":0,"parent":0,"menu_order":0,"comment_status":"closed","ping_status":"closed","template":"","meta":{"_acf_changed":false,"footnotes":""},"class_list":["post-12","page","type-page","status-publish","hentry"],"acf":[],"yoast_head":"<!-- This site is optimized with the Yoast SEO plugin v27.4 - https:\/\/yoast.com\/product\/yoast-seo-wordpress\/ -->\n<title>UCED Slovensko a. s. - We are full of energy UCED Slovensko a. s. - We are full of energy UCED Slovensko a. s. - We are full of energy UCED Slovensko a. s. - We are full of energy UCED Slovensko a. s. - We are full of energy UCED Slovensko a. s. - We are full of energy UCED Slovensko a. s. - We are full of energy UCED Slovensko a. s. - We are full of energy UCED Slovensko a. s. - We are full of energy UCED Slovensko a. s. - We are full of energy UCED Slovensko a. s. - We are full of energy UCED Slovensko a. s. - We are full of energy UCED Slovensko a. s. - We are full of energy UCED Slovensko a. s. - We are full of energy UCED Slovensko a. s. - We are full of energy UCED Slovensko a. s. - We are full of energy<\/title>\n<meta name=\"description\" content=\"(Sloven\u010dina) GGE patr\u00ed k popredn\u00fdm slovensk\u00fdm energetick\u00fdm skupin\u00e1m. Investujeme do energetick\u00e9ho priemyslu, od v\u00fdroby a distrib\u00facie a\u017e po dod\u00e1vku.\" \/>\n<meta name=\"robots\" content=\"index, follow, max-snippet:-1, max-image-preview:large, max-video-preview:-1\" \/>\n<link rel=\"canonical\" href=\"https:\/\/www.ucedslovensko.sk\/en\/\" \/>\n<meta property=\"og:locale\" content=\"en_US\" \/>\n<meta property=\"og:type\" content=\"article\" \/>\n<meta property=\"og:title\" content=\"GGE a.s.\" \/>\n<meta property=\"og:description\" content=\"GGE patr\u00ed k popredn\u00fdm slovensk\u00fdm energetick\u00fdm skupin\u00e1m. Investujeme do r\u00f4znych oblast\u00ed energetick\u00e9ho priemyslu, od v\u00fdroby a distrib\u00facie a\u017e po dod\u00e1vku. Taktie\u017e sme jeden z m\u00e1la energetick\u00fdch skup\u00edn, ktor\u00e9 rozsiahlo investuj\u00fa do v\u00fdrobn\u00fdch kapac\u00edt a inov\u00e1ci\u00ed. V\u010faka siln\u00e9mu finan\u010dn\u00e9mu z\u00e1zemiu sme vyh\u013ead\u00e1van\u00fdm a stabiln\u00fdm investi\u010dn\u00fdm partnerom pri v\u00fdstavbe energetick\u00fdch projektov\" \/>\n<meta property=\"og:url\" content=\"https:\/\/www.ucedslovensko.sk\/en\/\" \/>\n<meta property=\"og:site_name\" content=\"UCED Slovensko a. s.\" \/>\n<meta property=\"article:modified_time\" content=\"2025-10-29T12:31:02+00:00\" \/>\n<meta property=\"og:image\" content=\"https:\/\/www.ucedslovensko.sk\/wp-content\/uploads\/2019\/09\/logo.png\" \/>\n\t<meta property=\"og:image:width\" content=\"120\" \/>\n\t<meta property=\"og:image:height\" content=\"120\" \/>\n\t<meta property=\"og:image:type\" content=\"image\/png\" \/>\n<meta name=\"twitter:card\" content=\"summary_large_image\" \/>\n<meta name=\"twitter:title\" content=\"GGE a.s.\" \/>\n<meta name=\"twitter:description\" content=\"GGE patr\u00ed k popredn\u00fdm slovensk\u00fdm energetick\u00fdm skupin\u00e1m. Investujeme do r\u00f4znych oblast\u00ed energetick\u00e9ho priemyslu, od v\u00fdroby a distrib\u00facie a\u017e po dod\u00e1vku. Taktie\u017e sme jeden z m\u00e1la energetick\u00fdch skup\u00edn, ktor\u00e9 rozsiahlo investuj\u00fa do v\u00fdrobn\u00fdch kapac\u00edt a inov\u00e1ci\u00ed. V\u010faka siln\u00e9mu finan\u010dn\u00e9mu z\u00e1zemiu sme vyh\u013ead\u00e1van\u00fdm a stabiln\u00fdm investi\u010dn\u00fdm partnerom pri v\u00fdstavbe energetick\u00fdch projektov\" \/>\n<meta name=\"twitter:image\" content=\"https:\/\/www.ucedslovensko.sk\/wp-content\/uploads\/2019\/09\/logo.png\" \/>\n<meta name=\"twitter:label1\" content=\"Est. reading time\" \/>\n\t<meta name=\"twitter:data1\" content=\"5 minutes\" \/>\n<script type=\"application\/ld+json\" class=\"yoast-schema-graph\">{\"@context\":\"https:\\\/\\\/schema.org\",\"@graph\":[{\"@type\":\"WebPage\",\"@id\":\"https:\\\/\\\/www.ucedslovensko.sk\\\/en\\\/\",\"url\":\"https:\\\/\\\/www.ucedslovensko.sk\\\/en\\\/\",\"name\":\"UCED Slovensko a. s. - We are full of energy UCED Slovensko a. s. - We are full of energy UCED Slovensko a. s. - We are full of energy UCED Slovensko a. s. - We are full of energy UCED Slovensko a. s. - We are full of energy UCED Slovensko a. s. - We are full of energy UCED Slovensko a. s. - We are full of energy UCED Slovensko a. s. - We are full of energy UCED Slovensko a. s. - We are full of energy UCED Slovensko a. s. - We are full of energy UCED Slovensko a. s. - We are full of energy UCED Slovensko a. s. - We are full of energy UCED Slovensko a. s. - We are full of energy UCED Slovensko a. s. - We are full of energy UCED Slovensko a. s. - We are full of energy UCED Slovensko a. s. - We are full of energy\",\"isPartOf\":{\"@id\":\"https:\\\/\\\/www.ucedslovensko.sk\\\/en\\\/#website\"},\"datePublished\":\"2019-09-03T08:58:00+00:00\",\"dateModified\":\"2025-10-29T12:31:02+00:00\",\"description\":\"(Sloven\u010dina) GGE patr\u00ed k popredn\u00fdm slovensk\u00fdm energetick\u00fdm skupin\u00e1m. Investujeme do energetick\u00e9ho priemyslu, od v\u00fdroby a distrib\u00facie a\u017e po dod\u00e1vku.\",\"breadcrumb\":{\"@id\":\"https:\\\/\\\/www.ucedslovensko.sk\\\/en\\\/#breadcrumb\"},\"inLanguage\":\"en-US\",\"potentialAction\":[{\"@type\":\"ReadAction\",\"target\":[[\"https:\\\/\\\/www.ucedslovensko.sk\\\/en\\\/\"]]}]},{\"@type\":\"BreadcrumbList\",\"@id\":\"https:\\\/\\\/www.ucedslovensko.sk\\\/en\\\/#breadcrumb\",\"itemListElement\":[{\"@type\":\"ListItem\",\"position\":1,\"name\":\"Domovsk\u00e1 str\u00e1nka\",\"item\":\"https:\\\/\\\/www.ucedslovensko.sk\\\/en\\\/\"},{\"@type\":\"ListItem\",\"position\":2,\"name\":\"Domov\"}]},{\"@type\":\"WebSite\",\"@id\":\"https:\\\/\\\/www.ucedslovensko.sk\\\/en\\\/#website\",\"url\":\"https:\\\/\\\/www.ucedslovensko.sk\\\/en\\\/\",\"name\":\"GGE\",\"description\":\"We are full of energy\",\"publisher\":{\"@id\":\"https:\\\/\\\/www.ucedslovensko.sk\\\/en\\\/#organization\"},\"potentialAction\":[{\"@type\":\"SearchAction\",\"target\":{\"@type\":\"EntryPoint\",\"urlTemplate\":\"https:\\\/\\\/www.ucedslovensko.sk\\\/en\\\/?s={search_term_string}\"},\"query-input\":{\"@type\":\"PropertyValueSpecification\",\"valueRequired\":true,\"valueName\":\"search_term_string\"}}],\"inLanguage\":\"en-US\"},{\"@type\":\"Organization\",\"@id\":\"https:\\\/\\\/www.ucedslovensko.sk\\\/en\\\/#organization\",\"name\":\"GGE a.s.\",\"url\":\"https:\\\/\\\/www.ucedslovensko.sk\\\/en\\\/\",\"logo\":{\"@type\":\"ImageObject\",\"inLanguage\":\"en-US\",\"@id\":\"https:\\\/\\\/www.ucedslovensko.sk\\\/en\\\/#\\\/schema\\\/logo\\\/image\\\/\",\"url\":\"https:\\\/\\\/www.ucedslovensko.sk\\\/wp-content\\\/uploads\\\/2024\\\/06\\\/logo.svg\",\"contentUrl\":\"https:\\\/\\\/www.ucedslovensko.sk\\\/wp-content\\\/uploads\\\/2024\\\/06\\\/logo.svg\",\"width\":1059,\"height\":326,\"caption\":\"GGE a.s.\"},\"image\":{\"@id\":\"https:\\\/\\\/www.ucedslovensko.sk\\\/en\\\/#\\\/schema\\\/logo\\\/image\\\/\"}}]}<\/script>\n<!-- \/ Yoast SEO plugin. -->","yoast_head_json":{"title":"UCED Slovensko a. s. - We are full of energy UCED Slovensko a. s. - We are full of energy UCED Slovensko a. s. - We are full of energy UCED Slovensko a. s. - We are full of energy UCED Slovensko a. s. - We are full of energy UCED Slovensko a. s. - We are full of energy UCED Slovensko a. s. - We are full of energy UCED Slovensko a. s. - We are full of energy UCED Slovensko a. s. - We are full of energy UCED Slovensko a. s. - We are full of energy UCED Slovensko a. s. - We are full of energy UCED Slovensko a. s. - We are full of energy UCED Slovensko a. s. - We are full of energy UCED Slovensko a. s. - We are full of energy UCED Slovensko a. s. - We are full of energy UCED Slovensko a. s. - We are full of energy","description":"(Sloven\u010dina) GGE patr\u00ed k popredn\u00fdm slovensk\u00fdm energetick\u00fdm skupin\u00e1m. Investujeme do energetick\u00e9ho priemyslu, od v\u00fdroby a distrib\u00facie a\u017e po dod\u00e1vku.","robots":{"index":"index","follow":"follow","max-snippet":"max-snippet:-1","max-image-preview":"max-image-preview:large","max-video-preview":"max-video-preview:-1"},"canonical":"https:\/\/www.ucedslovensko.sk\/en\/","og_locale":"en_US","og_type":"article","og_title":"GGE a.s.","og_description":"GGE patr\u00ed k popredn\u00fdm slovensk\u00fdm energetick\u00fdm skupin\u00e1m. Investujeme do r\u00f4znych oblast\u00ed energetick\u00e9ho priemyslu, od v\u00fdroby a distrib\u00facie a\u017e po dod\u00e1vku. Taktie\u017e sme jeden z m\u00e1la energetick\u00fdch skup\u00edn, ktor\u00e9 rozsiahlo investuj\u00fa do v\u00fdrobn\u00fdch kapac\u00edt a inov\u00e1ci\u00ed. V\u010faka siln\u00e9mu finan\u010dn\u00e9mu z\u00e1zemiu sme vyh\u013ead\u00e1van\u00fdm a stabiln\u00fdm investi\u010dn\u00fdm partnerom pri v\u00fdstavbe energetick\u00fdch projektov","og_url":"https:\/\/www.ucedslovensko.sk\/en\/","og_site_name":"UCED Slovensko a. s.","article_modified_time":"2025-10-29T12:31:02+00:00","og_image":[{"width":120,"height":120,"url":"https:\/\/www.ucedslovensko.sk\/wp-content\/uploads\/2019\/09\/logo.png","type":"image\/png"}],"twitter_card":"summary_large_image","twitter_title":"GGE a.s.","twitter_description":"GGE patr\u00ed k popredn\u00fdm slovensk\u00fdm energetick\u00fdm skupin\u00e1m. Investujeme do r\u00f4znych oblast\u00ed energetick\u00e9ho priemyslu, od v\u00fdroby a distrib\u00facie a\u017e po dod\u00e1vku. Taktie\u017e sme jeden z m\u00e1la energetick\u00fdch skup\u00edn, ktor\u00e9 rozsiahlo investuj\u00fa do v\u00fdrobn\u00fdch kapac\u00edt a inov\u00e1ci\u00ed. V\u010faka siln\u00e9mu finan\u010dn\u00e9mu z\u00e1zemiu sme vyh\u013ead\u00e1van\u00fdm a stabiln\u00fdm investi\u010dn\u00fdm partnerom pri v\u00fdstavbe energetick\u00fdch projektov","twitter_image":"https:\/\/www.ucedslovensko.sk\/wp-content\/uploads\/2019\/09\/logo.png","twitter_misc":{"Est. reading time":"5 minutes"},"schema":{"@context":"https:\/\/schema.org","@graph":[{"@type":"WebPage","@id":"https:\/\/www.ucedslovensko.sk\/en\/","url":"https:\/\/www.ucedslovensko.sk\/en\/","name":"UCED Slovensko a. s. - We are full of energy UCED Slovensko a. s. - We are full of energy UCED Slovensko a. s. - We are full of energy UCED Slovensko a. s. - We are full of energy UCED Slovensko a. s. - We are full of energy UCED Slovensko a. s. - We are full of energy UCED Slovensko a. s. - We are full of energy UCED Slovensko a. s. - We are full of energy UCED Slovensko a. s. - We are full of energy UCED Slovensko a. s. - We are full of energy UCED Slovensko a. s. - We are full of energy UCED Slovensko a. s. - We are full of energy UCED Slovensko a. s. - We are full of energy UCED Slovensko a. s. - We are full of energy UCED Slovensko a. s. - We are full of energy UCED Slovensko a. s. - We are full of energy","isPartOf":{"@id":"https:\/\/www.ucedslovensko.sk\/en\/#website"},"datePublished":"2019-09-03T08:58:00+00:00","dateModified":"2025-10-29T12:31:02+00:00","description":"(Sloven\u010dina) GGE patr\u00ed k popredn\u00fdm slovensk\u00fdm energetick\u00fdm skupin\u00e1m. Investujeme do energetick\u00e9ho priemyslu, od v\u00fdroby a distrib\u00facie a\u017e po dod\u00e1vku.","breadcrumb":{"@id":"https:\/\/www.ucedslovensko.sk\/en\/#breadcrumb"},"inLanguage":"en-US","potentialAction":[{"@type":"ReadAction","target":[["https:\/\/www.ucedslovensko.sk\/en\/"]]}]},{"@type":"BreadcrumbList","@id":"https:\/\/www.ucedslovensko.sk\/en\/#breadcrumb","itemListElement":[{"@type":"ListItem","position":1,"name":"Domovsk\u00e1 str\u00e1nka","item":"https:\/\/www.ucedslovensko.sk\/en\/"},{"@type":"ListItem","position":2,"name":"Domov"}]},{"@type":"WebSite","@id":"https:\/\/www.ucedslovensko.sk\/en\/#website","url":"https:\/\/www.ucedslovensko.sk\/en\/","name":"GGE","description":"We are full of energy","publisher":{"@id":"https:\/\/www.ucedslovensko.sk\/en\/#organization"},"potentialAction":[{"@type":"SearchAction","target":{"@type":"EntryPoint","urlTemplate":"https:\/\/www.ucedslovensko.sk\/en\/?s={search_term_string}"},"query-input":{"@type":"PropertyValueSpecification","valueRequired":true,"valueName":"search_term_string"}}],"inLanguage":"en-US"},{"@type":"Organization","@id":"https:\/\/www.ucedslovensko.sk\/en\/#organization","name":"GGE a.s.","url":"https:\/\/www.ucedslovensko.sk\/en\/","logo":{"@type":"ImageObject","inLanguage":"en-US","@id":"https:\/\/www.ucedslovensko.sk\/en\/#\/schema\/logo\/image\/","url":"https:\/\/www.ucedslovensko.sk\/wp-content\/uploads\/2024\/06\/logo.svg","contentUrl":"https:\/\/www.ucedslovensko.sk\/wp-content\/uploads\/2024\/06\/logo.svg","width":1059,"height":326,"caption":"GGE a.s."},"image":{"@id":"https:\/\/www.ucedslovensko.sk\/en\/#\/schema\/logo\/image\/"}}]}},"_links":{"self":[{"href":"https:\/\/www.ucedslovensko.sk\/en\/wp-json\/wp\/v2\/pages\/12","targetHints":{"allow":["GET"]}}],"collection":[{"href":"https:\/\/www.ucedslovensko.sk\/en\/wp-json\/wp\/v2\/pages"}],"about":[{"href":"https:\/\/www.ucedslovensko.sk\/en\/wp-json\/wp\/v2\/types\/page"}],"author":[{"embeddable":true,"href":"https:\/\/www.ucedslovensko.sk\/en\/wp-json\/wp\/v2\/users\/4"}],"replies":[{"embeddable":true,"href":"https:\/\/www.ucedslovensko.sk\/en\/wp-json\/wp\/v2\/comments?post=12"}],"version-history":[{"count":27,"href":"https:\/\/www.ucedslovensko.sk\/en\/wp-json\/wp\/v2\/pages\/12\/revisions"}],"predecessor-version":[{"id":1339,"href":"https:\/\/www.ucedslovensko.sk\/en\/wp-json\/wp\/v2\/pages\/12\/revisions\/1339"}],"wp:attachment":[{"href":"https:\/\/www.ucedslovensko.sk\/en\/wp-json\/wp\/v2\/media?parent=12"}],"curies":[{"name":"wp","href":"https:\/\/api.w.org\/{rel}","templated":true}]}}