{"id":12,"date":"2019-09-03T10:58:00","date_gmt":"2019-09-03T08:58:00","guid":{"rendered":"https:\/\/www.ucedslovensko.sk\/?page_id=12"},"modified":"2025-10-29T13:31:02","modified_gmt":"2025-10-29T12:31:02","slug":"home","status":"publish","type":"page","link":"https:\/\/www.ucedslovensko.sk\/pl\/","title":{"rendered":"Domov"},"content":{"rendered":"<p>[vc_row full_width=&#8221;stretch_row_content_no_spaces&#8221;][vc_column][vc_raw_html]JTVCY2Fyb3VzZWxCYW5uZXIlNUQ=[\/vc_raw_html][\/vc_column][\/vc_row][vc_row full_width=&#8221;stretch_row_content_no_spaces&#8221; css=&#8221;.vc_custom_1567592616588{background-color: #f9f9f9 !important;}&#8221;][vc_column][vc_row_inner el_class=&#8221;container boxes&#8211;icons-text&#8221;][vc_column_inner width=&#8221;1\/3&#8243;][vc_single_image image=&#8221;23&#8243; img_size=&#8221;full&#8221; el_class=&#8221;mr-4&#8243;][vc_custom_heading text=&#8221;Pokr\u00fdvame cel\u00fd energetick\u00fd cyklus&#8221; font_container=&#8221;tag:h5|text_align:left&#8221; use_theme_fonts=&#8221;yes&#8221;][\/vc_column_inner][vc_column_inner width=&#8221;1\/3&#8243;][vc_single_image image=&#8221;25&#8243; img_size=&#8221;full&#8221; el_class=&#8221;mr-4&#8243;][vc_custom_heading text=&#8221;Vyr\u00e1bame \u010dist\u00fa energiu&#8221; font_container=&#8221;tag:h5|text_align:left&#8221; use_theme_fonts=&#8221;yes&#8221;][\/vc_column_inner][vc_column_inner width=&#8221;1\/3&#8243;][vc_single_image image=&#8221;26&#8243; img_size=&#8221;full&#8221; el_class=&#8221;mr-4&#8243;][vc_custom_heading text=&#8221;Sme d\u00f4veryhodn\u00fd partner&#8221; font_container=&#8221;tag:h5|text_align:left&#8221; use_theme_fonts=&#8221;yes&#8221;][\/vc_column_inner][\/vc_row_inner][\/vc_column][\/vc_row][vc_row el_class=&#8221;container-fluid mt-md-3&#8243;][vc_column][vc_column_text]<\/p>\n<h2 style=\"text-align: center;\"><span style=\"color: #005189;\">M\u00e1me energiu<\/span> da\u0165 v\u00e1m viac<\/h2>\n<p>[\/vc_column_text][vc_raw_html]JTVCYWxsU2VnbWVudHMlNUQ=[\/vc_raw_html][\/vc_column][\/vc_row][vc_row full_width=&#8221;stretch_row_content_no_spaces&#8221; el_class=&#8221;fluid-half-image-right&#8221;][vc_column][vc_row_inner el_class=&#8221;container&#8221;][vc_column_inner width=&#8221;1\/2&#8243;][vc_single_image image=&#8221;1097&#8243; img_size=&#8221;400&#215;400&#8243;][\/vc_column_inner][vc_column_inner width=&#8221;1\/2&#8243;][vc_column_text]<\/p>\n<h2><span style=\"color: #005189;\">Skupina GGE sa spojila<\/span> pre dobr\u00fa vec<\/h2>\n<p>Za\u010diatkom roku 2021 vznikla Nad\u00e1cia GGE, v r\u00e1mci ktorej s\u00fa ka\u017ed\u00fd rok prerozde\u013eovan\u00e9 finan\u010dn\u00e9 prostriedky na zauj\u00edmav\u00e9 a pr\u00ednosn\u00e9 projekty. V s\u00falade s hodnotami skupiny GGE, ako s\u00fa d\u00f4veryhodnos\u0165, anga\u017eovanos\u0165, jednoduchos\u0165 a odbornos\u0165, patria do jej strat\u00e9gie aj zodpovednos\u0165 za prostredie a komunity, v ktor\u00fdch p\u00f4sob\u00ed. Nad\u00e1cia sa zameriava na podporu projektov z oblasti vedy a v\u00fdskumu, podporu \u0161portu, ochranu \u017eivotn\u00e9ho prostredia a podporu komun\u00edt, v ktor\u00fdch na\u0161a Skupina p\u00f4sob\u00ed.<\/p>\n<p>Hlavn\u00fdm poslan\u00edm NAD\u00c1CIE SKUPINY GGE je pom\u00e1ha\u0165 komunit\u00e1m a organiz\u00e1ci\u00e1m na Slovensku prekon\u00e1va\u0165 v\u00fdzvy a dosahova\u0165 nov\u00e9 m\u00e9ty.[\/vc_column_text][\/vc_column_inner][\/vc_row_inner][\/vc_column][\/vc_row][vc_row full_width=&#8221;stretch_row_content_no_spaces&#8221;][vc_column][vc_empty_space height=&#8221;60px&#8221;][\/vc_column][\/vc_row][vc_row full_width=&#8221;stretch_row_content_no_spaces&#8221; css=&#8221;.vc_custom_1568363308035{background-image: url(https:\/\/www.ucedslovensko.sk\/wp-content\/uploads\/2019\/09\/projekty-ktore-maju-stavu.jpg?id=107) !important;}&#8221; el_class=&#8221;fluid-half-image-right&#8221;][vc_column][vc_row_inner el_class=&#8221;container&#8221;][vc_column_inner width=&#8221;1\/2&#8243;][vc_column_text]<\/p>\n<h2><span style=\"color: #005189;\">Rob\u00edme projekty,<\/span><br \/>\nktor\u00e9 maj\u00fa \u0161\u0165avu<\/h2>\n<p>V\u00fdhodou spolupr\u00e1ce so spolo\u010dnos\u0165ami GGE je na\u0161e \u0161irok\u00e9 portf\u00f3lio aktiv\u00edt, ako aj sk\u00fasenosti a vysok\u00e1 profesionalita a odbornos\u0165 na\u0161ich zamestnancov. <a href=\"https:\/\/www.ucedslovensko.sk\/kontakt\/\">Povedzte n\u00e1m<\/a>, ak\u00fd je v\u00e1\u0161 z\u00e1mer a my v\u00e1m navrhneme rie\u0161enie a sp\u00f4sob realiz\u00e1cie, ako ho \u010do najr\u00fdchlej\u0161ie a najefekt\u00edvnej\u0161ie dosiahnu\u0165.<\/p>\n<h3><span style=\"color: #005189;\">Dod\u00e1vame energetick\u00e9 technol\u00f3gie na k\u013e\u00fa\u010d<\/span><\/h3>\n<p>V\u010faka kvalitn\u00e9mu a spo\u013eahliv\u00e9mu prevedeniu projektov vieme poskytova\u0165 stabiln\u00e9 dod\u00e1vky energi\u00ed pre dom\u00e1cnosti, firmy, ale i verejn\u00e9 in\u0161tit\u00facie ako \u0161koly, nemocnice \u010di \u00farady.[\/vc_column_text][\/vc_column_inner][vc_column_inner width=&#8221;1\/2&#8243;][\/vc_column_inner][\/vc_row_inner][\/vc_column][\/vc_row][vc_row el_class=&#8221;container-fluid mt-md-5&#8243;][vc_column el_class=&#8221;mt-md-5&#8243;][vc_column_text]<\/p>\n<h2 style=\"text-align: center;\"><span style=\"color: #005189;\">Tvor\u00edme energiu,<\/span> m\u00e1me \u010d\u00edsla<\/h2>\n<p style=\"text-align: center;\">Budujeme a prev\u00e1dzkujeme vlastn\u00e9 distribu\u010dn\u00e9 s\u00fastavy na rozvod energi\u00ed.<\/p>\n<p>[\/vc_column_text][vc_row_inner el_class=&#8221;container boxes&#8211;circle mt-3 mt-md-5&#8243;][vc_column_inner width=&#8221;1\/4&#8243;][vc_cta h2=&#8221;250&#8243; h4=&#8221;os\u00f4b&#8221; txt_align=&#8221;center&#8221; shape=&#8221;round&#8221;]Po\u010det zamestnancov[\/vc_cta][\/vc_column_inner][vc_column_inner width=&#8221;1\/4&#8243;][vc_cta h2=&#8221;330 mil.&#8221; h4=&#8221;EUR&#8221; txt_align=&#8221;center&#8221; shape=&#8221;round&#8221;]Obrat[\/vc_cta][\/vc_column_inner][vc_column_inner width=&#8221;1\/4&#8243;][vc_cta h2=&#8221;331,268&#8243; h4=&#8221;GWh&#8221; txt_align=&#8221;center&#8221; shape=&#8221;round&#8221;]Objem vyrobenej elektriny[\/vc_cta][\/vc_column_inner][vc_column_inner width=&#8221;1\/4&#8243;][vc_cta h2=&#8221;2153,000&#8243; h4=&#8221;GWh&#8221; txt_align=&#8221;center&#8221; shape=&#8221;round&#8221;]Objem dodan\u00e9ho plynu[\/vc_cta][\/vc_column_inner][\/vc_row_inner][\/vc_column][\/vc_row]<\/p>","protected":false},"excerpt":{"rendered":"<p>[vc_row full_width=&#8221;stretch_row_content_no_spaces&#8221;][vc_column][vc_raw_html]JTVCY2Fyb3VzZWxCYW5uZXIlNUQ=[\/vc_raw_html][\/vc_column][\/vc_row][vc_row full_width=&#8221;stretch_row_content_no_spaces&#8221; css=&#8221;.vc_custom_1567592616588{background-color: #f9f9f9 !important;}&#8221;][vc_column][vc_row_inner el_class=&#8221;container boxes&#8211;icons-text&#8221;][vc_column_inner width=&#8221;1\/3&#8243;][vc_single_image image=&#8221;23&#8243; img_size=&#8221;full&#8221; el_class=&#8221;mr-4&#8243;][vc_custom_heading text=&#8221;Pokr\u00fdvame cel\u00fd energetick\u00fd cyklus&#8221; font_container=&#8221;tag:h5|text_align:left&#8221; use_theme_fonts=&#8221;yes&#8221;][\/vc_column_inner][vc_column_inner width=&#8221;1\/3&#8243;][vc_single_image image=&#8221;25&#8243; img_size=&#8221;full&#8221; el_class=&#8221;mr-4&#8243;][vc_custom_heading text=&#8221;Vyr\u00e1bame \u010dist\u00fa energiu&#8221; font_container=&#8221;tag:h5|text_align:left&#8221; use_theme_fonts=&#8221;yes&#8221;][\/vc_column_inner][vc_column_inner width=&#8221;1\/3&#8243;][vc_single_image image=&#8221;26&#8243; img_size=&#8221;full&#8221; el_class=&#8221;mr-4&#8243;][vc_custom_heading text=&#8221;Sme d\u00f4veryhodn\u00fd partner&#8221; font_container=&#8221;tag:h5|text_align:left&#8221; use_theme_fonts=&#8221;yes&#8221;][\/vc_column_inner][\/vc_row_inner][\/vc_column][\/vc_row][vc_row el_class=&#8221;container-fluid mt-md-3&#8243;][vc_column][vc_column_text] M\u00e1me energiu da\u0165 v\u00e1m viac [\/vc_column_text][vc_raw_html]JTVCYWxsU2VnbWVudHMlNUQ=[\/vc_raw_html][\/vc_column][\/vc_row][vc_row full_width=&#8221;stretch_row_content_no_spaces&#8221; el_class=&#8221;fluid-half-image-right&#8221;][vc_column][vc_row_inner el_class=&#8221;container&#8221;][vc_column_inner width=&#8221;1\/2&#8243;][vc_single_image image=&#8221;1097&#8243; img_size=&#8221;400&#215;400&#8243;][\/vc_column_inner][vc_column_inner width=&#8221;1\/2&#8243;][vc_column_text] Skupina GGE sa spojila [&hellip;]<\/p>\n","protected":false},"author":4,"featured_media":0,"parent":0,"menu_order":0,"comment_status":"closed","ping_status":"closed","template":"","meta":{"_acf_changed":false,"footnotes":""},"class_list":["post-12","page","type-page","status-publish","hentry"],"acf":[],"yoast_head":"<!-- This site is optimized with the Yoast SEO plugin v27.4 - https:\/\/yoast.com\/product\/yoast-seo-wordpress\/ -->\n<title>UCED Slovensko a. s. - Energia ma imi\u0119. UCED Slovensko a. s. - Energia ma imi\u0119. UCED Slovensko a. s. - Energia ma imi\u0119. UCED Slovensko a. s. - Energia ma imi\u0119. UCED Slovensko a. s. - Energia ma imi\u0119. UCED Slovensko a. s. - Energia ma imi\u0119. UCED Slovensko a. s. - Energia ma imi\u0119. UCED Slovensko a. s. - Energia ma imi\u0119. UCED Slovensko a. s. - Energia ma imi\u0119. UCED Slovensko a. s. - Energia ma imi\u0119. UCED Slovensko a. s. - Energia ma imi\u0119. UCED Slovensko a. s. - Energia ma imi\u0119. UCED Slovensko a. s. - Energia ma imi\u0119. UCED Slovensko a. s. - Energia ma imi\u0119. UCED Slovensko a. s. - Energia ma imi\u0119. UCED Slovensko a. s. - Energia ma imi\u0119.<\/title>\n<meta name=\"description\" content=\"GGE patr\u00ed k popredn\u00fdm slovensk\u00fdm energetick\u00fdm skupin\u00e1m. Investujeme do energetick\u00e9ho priemyslu, od v\u00fdroby a distrib\u00facie a\u017e po dod\u00e1vku.\" \/>\n<meta name=\"robots\" content=\"index, follow, max-snippet:-1, max-image-preview:large, max-video-preview:-1\" \/>\n<link rel=\"canonical\" href=\"https:\/\/www.ucedslovensko.sk\/pl\/\" \/>\n<meta property=\"og:locale\" content=\"pl_PL\" \/>\n<meta property=\"og:type\" content=\"article\" \/>\n<meta property=\"og:title\" content=\"GGE a.s.\" \/>\n<meta property=\"og:description\" content=\"GGE patr\u00ed k popredn\u00fdm slovensk\u00fdm energetick\u00fdm skupin\u00e1m. Investujeme do r\u00f4znych oblast\u00ed energetick\u00e9ho priemyslu, od v\u00fdroby a distrib\u00facie a\u017e po dod\u00e1vku. Taktie\u017e sme jeden z m\u00e1la energetick\u00fdch skup\u00edn, ktor\u00e9 rozsiahlo investuj\u00fa do v\u00fdrobn\u00fdch kapac\u00edt a inov\u00e1ci\u00ed. V\u010faka siln\u00e9mu finan\u010dn\u00e9mu z\u00e1zemiu sme vyh\u013ead\u00e1van\u00fdm a stabiln\u00fdm investi\u010dn\u00fdm partnerom pri v\u00fdstavbe energetick\u00fdch projektov\" \/>\n<meta property=\"og:url\" content=\"https:\/\/www.ucedslovensko.sk\/pl\/\" \/>\n<meta property=\"og:site_name\" content=\"UCED Slovensko a. s.\" \/>\n<meta property=\"article:modified_time\" content=\"2025-10-29T12:31:02+00:00\" \/>\n<meta property=\"og:image\" content=\"https:\/\/www.ucedslovensko.sk\/wp-content\/uploads\/2019\/09\/logo.png\" \/>\n\t<meta property=\"og:image:width\" content=\"120\" \/>\n\t<meta property=\"og:image:height\" content=\"120\" \/>\n\t<meta property=\"og:image:type\" content=\"image\/png\" \/>\n<meta name=\"twitter:card\" content=\"summary_large_image\" \/>\n<meta name=\"twitter:title\" content=\"GGE a.s.\" \/>\n<meta name=\"twitter:description\" content=\"GGE patr\u00ed k popredn\u00fdm slovensk\u00fdm energetick\u00fdm skupin\u00e1m. Investujeme do r\u00f4znych oblast\u00ed energetick\u00e9ho priemyslu, od v\u00fdroby a distrib\u00facie a\u017e po dod\u00e1vku. Taktie\u017e sme jeden z m\u00e1la energetick\u00fdch skup\u00edn, ktor\u00e9 rozsiahlo investuj\u00fa do v\u00fdrobn\u00fdch kapac\u00edt a inov\u00e1ci\u00ed. V\u010faka siln\u00e9mu finan\u010dn\u00e9mu z\u00e1zemiu sme vyh\u013ead\u00e1van\u00fdm a stabiln\u00fdm investi\u010dn\u00fdm partnerom pri v\u00fdstavbe energetick\u00fdch projektov\" \/>\n<meta name=\"twitter:image\" content=\"https:\/\/www.ucedslovensko.sk\/wp-content\/uploads\/2019\/09\/logo.png\" \/>\n<meta name=\"twitter:label1\" content=\"Szacowany czas czytania\" \/>\n\t<meta name=\"twitter:data1\" content=\"5 minut\" \/>\n<script type=\"application\/ld+json\" class=\"yoast-schema-graph\">{\"@context\":\"https:\\\/\\\/schema.org\",\"@graph\":[{\"@type\":\"WebPage\",\"@id\":\"https:\\\/\\\/www.ucedslovensko.sk\\\/pl\\\/\",\"url\":\"https:\\\/\\\/www.ucedslovensko.sk\\\/pl\\\/\",\"name\":\"UCED Slovensko a. s. - Energia ma imi\u0119. UCED Slovensko a. s. - Energia ma imi\u0119. UCED Slovensko a. s. - Energia ma imi\u0119. UCED Slovensko a. s. - Energia ma imi\u0119. UCED Slovensko a. s. - Energia ma imi\u0119. UCED Slovensko a. s. - Energia ma imi\u0119. UCED Slovensko a. s. - Energia ma imi\u0119. UCED Slovensko a. s. - Energia ma imi\u0119. UCED Slovensko a. s. - Energia ma imi\u0119. UCED Slovensko a. s. - Energia ma imi\u0119. UCED Slovensko a. s. - Energia ma imi\u0119. UCED Slovensko a. s. - Energia ma imi\u0119. UCED Slovensko a. s. - Energia ma imi\u0119. UCED Slovensko a. s. - Energia ma imi\u0119. UCED Slovensko a. s. - Energia ma imi\u0119. UCED Slovensko a. s. - Energia ma imi\u0119.\",\"isPartOf\":{\"@id\":\"https:\\\/\\\/www.ucedslovensko.sk\\\/pl\\\/#website\"},\"datePublished\":\"2019-09-03T08:58:00+00:00\",\"dateModified\":\"2025-10-29T12:31:02+00:00\",\"description\":\"GGE patr\u00ed k popredn\u00fdm slovensk\u00fdm energetick\u00fdm skupin\u00e1m. Investujeme do energetick\u00e9ho priemyslu, od v\u00fdroby a distrib\u00facie a\u017e po dod\u00e1vku.\",\"breadcrumb\":{\"@id\":\"https:\\\/\\\/www.ucedslovensko.sk\\\/pl\\\/#breadcrumb\"},\"inLanguage\":\"pl-PL\",\"potentialAction\":[{\"@type\":\"ReadAction\",\"target\":[[\"https:\\\/\\\/www.ucedslovensko.sk\\\/pl\\\/\"]]}]},{\"@type\":\"BreadcrumbList\",\"@id\":\"https:\\\/\\\/www.ucedslovensko.sk\\\/pl\\\/#breadcrumb\",\"itemListElement\":[{\"@type\":\"ListItem\",\"position\":1,\"name\":\"Domovsk\u00e1 str\u00e1nka\",\"item\":\"https:\\\/\\\/www.ucedslovensko.sk\\\/pl\\\/\"},{\"@type\":\"ListItem\",\"position\":2,\"name\":\"Domov\"}]},{\"@type\":\"WebSite\",\"@id\":\"https:\\\/\\\/www.ucedslovensko.sk\\\/pl\\\/#website\",\"url\":\"https:\\\/\\\/www.ucedslovensko.sk\\\/pl\\\/\",\"name\":\"GGE\",\"description\":\"Energia ma imi\u0119.\",\"publisher\":{\"@id\":\"https:\\\/\\\/www.ucedslovensko.sk\\\/pl\\\/#organization\"},\"potentialAction\":[{\"@type\":\"SearchAction\",\"target\":{\"@type\":\"EntryPoint\",\"urlTemplate\":\"https:\\\/\\\/www.ucedslovensko.sk\\\/pl\\\/?s={search_term_string}\"},\"query-input\":{\"@type\":\"PropertyValueSpecification\",\"valueRequired\":true,\"valueName\":\"search_term_string\"}}],\"inLanguage\":\"pl-PL\"},{\"@type\":\"Organization\",\"@id\":\"https:\\\/\\\/www.ucedslovensko.sk\\\/pl\\\/#organization\",\"name\":\"GGE a.s.\",\"url\":\"https:\\\/\\\/www.ucedslovensko.sk\\\/pl\\\/\",\"logo\":{\"@type\":\"ImageObject\",\"inLanguage\":\"pl-PL\",\"@id\":\"https:\\\/\\\/www.ucedslovensko.sk\\\/pl\\\/#\\\/schema\\\/logo\\\/image\\\/\",\"url\":\"https:\\\/\\\/www.ucedslovensko.sk\\\/wp-content\\\/uploads\\\/2024\\\/06\\\/logo.svg\",\"contentUrl\":\"https:\\\/\\\/www.ucedslovensko.sk\\\/wp-content\\\/uploads\\\/2024\\\/06\\\/logo.svg\",\"width\":1059,\"height\":326,\"caption\":\"GGE a.s.\"},\"image\":{\"@id\":\"https:\\\/\\\/www.ucedslovensko.sk\\\/pl\\\/#\\\/schema\\\/logo\\\/image\\\/\"}}]}<\/script>\n<!-- \/ Yoast SEO plugin. -->","yoast_head_json":{"title":"UCED Slovensko a. s. - Energia ma imi\u0119. UCED Slovensko a. s. - Energia ma imi\u0119. UCED Slovensko a. s. - Energia ma imi\u0119. UCED Slovensko a. s. - Energia ma imi\u0119. UCED Slovensko a. s. - Energia ma imi\u0119. UCED Slovensko a. s. - Energia ma imi\u0119. UCED Slovensko a. s. - Energia ma imi\u0119. UCED Slovensko a. s. - Energia ma imi\u0119. UCED Slovensko a. s. - Energia ma imi\u0119. UCED Slovensko a. s. - Energia ma imi\u0119. UCED Slovensko a. s. - Energia ma imi\u0119. UCED Slovensko a. s. - Energia ma imi\u0119. UCED Slovensko a. s. - Energia ma imi\u0119. UCED Slovensko a. s. - Energia ma imi\u0119. UCED Slovensko a. s. - Energia ma imi\u0119. UCED Slovensko a. s. - Energia ma imi\u0119.","description":"GGE patr\u00ed k popredn\u00fdm slovensk\u00fdm energetick\u00fdm skupin\u00e1m. Investujeme do energetick\u00e9ho priemyslu, od v\u00fdroby a distrib\u00facie a\u017e po dod\u00e1vku.","robots":{"index":"index","follow":"follow","max-snippet":"max-snippet:-1","max-image-preview":"max-image-preview:large","max-video-preview":"max-video-preview:-1"},"canonical":"https:\/\/www.ucedslovensko.sk\/pl\/","og_locale":"pl_PL","og_type":"article","og_title":"GGE a.s.","og_description":"GGE patr\u00ed k popredn\u00fdm slovensk\u00fdm energetick\u00fdm skupin\u00e1m. Investujeme do r\u00f4znych oblast\u00ed energetick\u00e9ho priemyslu, od v\u00fdroby a distrib\u00facie a\u017e po dod\u00e1vku. Taktie\u017e sme jeden z m\u00e1la energetick\u00fdch skup\u00edn, ktor\u00e9 rozsiahlo investuj\u00fa do v\u00fdrobn\u00fdch kapac\u00edt a inov\u00e1ci\u00ed. V\u010faka siln\u00e9mu finan\u010dn\u00e9mu z\u00e1zemiu sme vyh\u013ead\u00e1van\u00fdm a stabiln\u00fdm investi\u010dn\u00fdm partnerom pri v\u00fdstavbe energetick\u00fdch projektov","og_url":"https:\/\/www.ucedslovensko.sk\/pl\/","og_site_name":"UCED Slovensko a. s.","article_modified_time":"2025-10-29T12:31:02+00:00","og_image":[{"width":120,"height":120,"url":"https:\/\/www.ucedslovensko.sk\/wp-content\/uploads\/2019\/09\/logo.png","type":"image\/png"}],"twitter_card":"summary_large_image","twitter_title":"GGE a.s.","twitter_description":"GGE patr\u00ed k popredn\u00fdm slovensk\u00fdm energetick\u00fdm skupin\u00e1m. Investujeme do r\u00f4znych oblast\u00ed energetick\u00e9ho priemyslu, od v\u00fdroby a distrib\u00facie a\u017e po dod\u00e1vku. Taktie\u017e sme jeden z m\u00e1la energetick\u00fdch skup\u00edn, ktor\u00e9 rozsiahlo investuj\u00fa do v\u00fdrobn\u00fdch kapac\u00edt a inov\u00e1ci\u00ed. V\u010faka siln\u00e9mu finan\u010dn\u00e9mu z\u00e1zemiu sme vyh\u013ead\u00e1van\u00fdm a stabiln\u00fdm investi\u010dn\u00fdm partnerom pri v\u00fdstavbe energetick\u00fdch projektov","twitter_image":"https:\/\/www.ucedslovensko.sk\/wp-content\/uploads\/2019\/09\/logo.png","twitter_misc":{"Szacowany czas czytania":"5 minut"},"schema":{"@context":"https:\/\/schema.org","@graph":[{"@type":"WebPage","@id":"https:\/\/www.ucedslovensko.sk\/pl\/","url":"https:\/\/www.ucedslovensko.sk\/pl\/","name":"UCED Slovensko a. s. - Energia ma imi\u0119. UCED Slovensko a. s. - Energia ma imi\u0119. UCED Slovensko a. s. - Energia ma imi\u0119. UCED Slovensko a. s. - Energia ma imi\u0119. UCED Slovensko a. s. - Energia ma imi\u0119. UCED Slovensko a. s. - Energia ma imi\u0119. UCED Slovensko a. s. - Energia ma imi\u0119. UCED Slovensko a. s. - Energia ma imi\u0119. UCED Slovensko a. s. - Energia ma imi\u0119. UCED Slovensko a. s. - Energia ma imi\u0119. UCED Slovensko a. s. - Energia ma imi\u0119. UCED Slovensko a. s. - Energia ma imi\u0119. UCED Slovensko a. s. - Energia ma imi\u0119. UCED Slovensko a. s. - Energia ma imi\u0119. UCED Slovensko a. s. - Energia ma imi\u0119. UCED Slovensko a. s. - Energia ma imi\u0119.","isPartOf":{"@id":"https:\/\/www.ucedslovensko.sk\/pl\/#website"},"datePublished":"2019-09-03T08:58:00+00:00","dateModified":"2025-10-29T12:31:02+00:00","description":"GGE patr\u00ed k popredn\u00fdm slovensk\u00fdm energetick\u00fdm skupin\u00e1m. Investujeme do energetick\u00e9ho priemyslu, od v\u00fdroby a distrib\u00facie a\u017e po dod\u00e1vku.","breadcrumb":{"@id":"https:\/\/www.ucedslovensko.sk\/pl\/#breadcrumb"},"inLanguage":"pl-PL","potentialAction":[{"@type":"ReadAction","target":[["https:\/\/www.ucedslovensko.sk\/pl\/"]]}]},{"@type":"BreadcrumbList","@id":"https:\/\/www.ucedslovensko.sk\/pl\/#breadcrumb","itemListElement":[{"@type":"ListItem","position":1,"name":"Domovsk\u00e1 str\u00e1nka","item":"https:\/\/www.ucedslovensko.sk\/pl\/"},{"@type":"ListItem","position":2,"name":"Domov"}]},{"@type":"WebSite","@id":"https:\/\/www.ucedslovensko.sk\/pl\/#website","url":"https:\/\/www.ucedslovensko.sk\/pl\/","name":"GGE","description":"Energia ma imi\u0119.","publisher":{"@id":"https:\/\/www.ucedslovensko.sk\/pl\/#organization"},"potentialAction":[{"@type":"SearchAction","target":{"@type":"EntryPoint","urlTemplate":"https:\/\/www.ucedslovensko.sk\/pl\/?s={search_term_string}"},"query-input":{"@type":"PropertyValueSpecification","valueRequired":true,"valueName":"search_term_string"}}],"inLanguage":"pl-PL"},{"@type":"Organization","@id":"https:\/\/www.ucedslovensko.sk\/pl\/#organization","name":"GGE a.s.","url":"https:\/\/www.ucedslovensko.sk\/pl\/","logo":{"@type":"ImageObject","inLanguage":"pl-PL","@id":"https:\/\/www.ucedslovensko.sk\/pl\/#\/schema\/logo\/image\/","url":"https:\/\/www.ucedslovensko.sk\/wp-content\/uploads\/2024\/06\/logo.svg","contentUrl":"https:\/\/www.ucedslovensko.sk\/wp-content\/uploads\/2024\/06\/logo.svg","width":1059,"height":326,"caption":"GGE a.s."},"image":{"@id":"https:\/\/www.ucedslovensko.sk\/pl\/#\/schema\/logo\/image\/"}}]}},"_links":{"self":[{"href":"https:\/\/www.ucedslovensko.sk\/pl\/wp-json\/wp\/v2\/pages\/12","targetHints":{"allow":["GET"]}}],"collection":[{"href":"https:\/\/www.ucedslovensko.sk\/pl\/wp-json\/wp\/v2\/pages"}],"about":[{"href":"https:\/\/www.ucedslovensko.sk\/pl\/wp-json\/wp\/v2\/types\/page"}],"author":[{"embeddable":true,"href":"https:\/\/www.ucedslovensko.sk\/pl\/wp-json\/wp\/v2\/users\/4"}],"replies":[{"embeddable":true,"href":"https:\/\/www.ucedslovensko.sk\/pl\/wp-json\/wp\/v2\/comments?post=12"}],"version-history":[{"count":25,"href":"https:\/\/www.ucedslovensko.sk\/pl\/wp-json\/wp\/v2\/pages\/12\/revisions"}],"predecessor-version":[{"id":1339,"href":"https:\/\/www.ucedslovensko.sk\/pl\/wp-json\/wp\/v2\/pages\/12\/revisions\/1339"}],"wp:attachment":[{"href":"https:\/\/www.ucedslovensko.sk\/pl\/wp-json\/wp\/v2\/media?parent=12"}],"curies":[{"name":"wp","href":"https:\/\/api.w.org\/{rel}","templated":true}]}}