{"id":233,"date":"2019-09-12T16:12:38","date_gmt":"2019-09-12T14:12:38","guid":{"rendered":"https:\/\/www.ucedslovensko.sk\/?page_id=233"},"modified":"2023-10-05T09:51:09","modified_gmt":"2023-10-05T07:51:09","slug":"_404","status":"publish","type":"page","link":"https:\/\/www.ucedslovensko.sk\/pl\/_404\/","title":{"rendered":"(Sloven\u010dina) _404"},"content":{"rendered":"<p class=\"qtranxs-available-languages-message qtranxs-available-languages-message-pl\">Przepraszamy, ten wpis jest dost\u0119pny tylko w j\u0119zyku <a href=\"https:\/\/www.ucedslovensko.sk\/sk\/wp-json\/wp\/v2\/pages\/233\" class=\"qtranxs-available-language-link qtranxs-available-language-link-sk\" title=\"Sloven\u010dina\">Sloven\u010dina<\/a>.<\/p>","protected":false},"excerpt":{"rendered":"<p>Przepraszamy, ten wpis jest dost\u0119pny tylko w j\u0119zyku Sloven\u010dina.<\/p>\n","protected":false},"author":4,"featured_media":0,"parent":0,"menu_order":0,"comment_status":"closed","ping_status":"closed","template":"","meta":{"_acf_changed":false,"footnotes":""},"class_list":["post-233","page","type-page","status-publish","hentry"],"acf":[],"yoast_head":"<!-- This site is optimized with the Yoast SEO plugin v27.4 - https:\/\/yoast.com\/product\/yoast-seo-wordpress\/ -->\n<title>(Sloven\u010dina) _404 - UCED Slovensko a. s.<\/title>\n<meta name=\"robots\" content=\"index, follow, max-snippet:-1, max-image-preview:large, max-video-preview:-1\" \/>\n<link rel=\"canonical\" href=\"https:\/\/www.ucedslovensko.sk\/pl\/_404\/\" \/>\n<meta property=\"og:locale\" content=\"pl_PL\" \/>\n<meta property=\"og:type\" content=\"article\" \/>\n<meta property=\"og:title\" content=\"(Sloven\u010dina) _404 - UCED Slovensko a. s.\" \/>\n<meta property=\"og:description\" content=\"Przepraszamy, ten wpis jest dost\u0119pny tylko w j\u0119zyku Sloven\u010dina.\" \/>\n<meta property=\"og:url\" content=\"https:\/\/www.ucedslovensko.sk\/pl\/_404\/\" \/>\n<meta property=\"og:site_name\" content=\"UCED Slovensko a. s.\" \/>\n<meta property=\"article:modified_time\" content=\"2023-10-05T07:51:09+00:00\" \/>\n<meta property=\"og:image\" content=\"https:\/\/www.ucedslovensko.sk\/wp-content\/uploads\/2019\/09\/logo.png\" \/>\n\t<meta property=\"og:image:width\" content=\"120\" \/>\n\t<meta property=\"og:image:height\" content=\"120\" \/>\n\t<meta property=\"og:image:type\" content=\"image\/png\" \/>\n<meta name=\"twitter:card\" content=\"summary_large_image\" \/>\n<meta name=\"twitter:label1\" content=\"Szacowany czas czytania\" \/>\n\t<meta name=\"twitter:data1\" content=\"1 minuta\" \/>\n<script type=\"application\/ld+json\" class=\"yoast-schema-graph\">{\"@context\":\"https:\\\/\\\/schema.org\",\"@graph\":[{\"@type\":\"WebPage\",\"@id\":\"https:\\\/\\\/www.ucedslovensko.sk\\\/pl\\\/_404\\\/\",\"url\":\"https:\\\/\\\/www.ucedslovensko.sk\\\/pl\\\/_404\\\/\",\"name\":\"(Sloven\u010dina) _404 - UCED Slovensko a. s.\",\"isPartOf\":{\"@id\":\"https:\\\/\\\/www.ucedslovensko.sk\\\/pl\\\/#website\"},\"datePublished\":\"2019-09-12T14:12:38+00:00\",\"dateModified\":\"2023-10-05T07:51:09+00:00\",\"breadcrumb\":{\"@id\":\"https:\\\/\\\/www.ucedslovensko.sk\\\/pl\\\/_404\\\/#breadcrumb\"},\"inLanguage\":\"pl-PL\",\"potentialAction\":[{\"@type\":\"ReadAction\",\"target\":[[\"https:\\\/\\\/www.ucedslovensko.sk\\\/pl\\\/_404\\\/\"]]}]},{\"@type\":\"BreadcrumbList\",\"@id\":\"https:\\\/\\\/www.ucedslovensko.sk\\\/pl\\\/_404\\\/#breadcrumb\",\"itemListElement\":[{\"@type\":\"ListItem\",\"position\":1,\"name\":\"Domovsk\u00e1 str\u00e1nka\",\"item\":\"https:\\\/\\\/www.ucedslovensko.sk\\\/pl\\\/\"},{\"@type\":\"ListItem\",\"position\":2,\"name\":\"_404\"}]},{\"@type\":\"WebSite\",\"@id\":\"https:\\\/\\\/www.ucedslovensko.sk\\\/pl\\\/#website\",\"url\":\"https:\\\/\\\/www.ucedslovensko.sk\\\/pl\\\/\",\"name\":\"GGE\",\"description\":\"Energia ma imi\u0119.\",\"publisher\":{\"@id\":\"https:\\\/\\\/www.ucedslovensko.sk\\\/pl\\\/#organization\"},\"potentialAction\":[{\"@type\":\"SearchAction\",\"target\":{\"@type\":\"EntryPoint\",\"urlTemplate\":\"https:\\\/\\\/www.ucedslovensko.sk\\\/pl\\\/?s={search_term_string}\"},\"query-input\":{\"@type\":\"PropertyValueSpecification\",\"valueRequired\":true,\"valueName\":\"search_term_string\"}}],\"inLanguage\":\"pl-PL\"},{\"@type\":\"Organization\",\"@id\":\"https:\\\/\\\/www.ucedslovensko.sk\\\/pl\\\/#organization\",\"name\":\"GGE a.s.\",\"url\":\"https:\\\/\\\/www.ucedslovensko.sk\\\/pl\\\/\",\"logo\":{\"@type\":\"ImageObject\",\"inLanguage\":\"pl-PL\",\"@id\":\"https:\\\/\\\/www.ucedslovensko.sk\\\/pl\\\/#\\\/schema\\\/logo\\\/image\\\/\",\"url\":\"https:\\\/\\\/www.ucedslovensko.sk\\\/wp-content\\\/uploads\\\/2024\\\/06\\\/logo.svg\",\"contentUrl\":\"https:\\\/\\\/www.ucedslovensko.sk\\\/wp-content\\\/uploads\\\/2024\\\/06\\\/logo.svg\",\"width\":1059,\"height\":326,\"caption\":\"GGE a.s.\"},\"image\":{\"@id\":\"https:\\\/\\\/www.ucedslovensko.sk\\\/pl\\\/#\\\/schema\\\/logo\\\/image\\\/\"}}]}<\/script>\n<!-- \/ Yoast SEO plugin. -->","yoast_head_json":{"title":"(Sloven\u010dina) _404 - UCED Slovensko a. s.","robots":{"index":"index","follow":"follow","max-snippet":"max-snippet:-1","max-image-preview":"max-image-preview:large","max-video-preview":"max-video-preview:-1"},"canonical":"https:\/\/www.ucedslovensko.sk\/pl\/_404\/","og_locale":"pl_PL","og_type":"article","og_title":"(Sloven\u010dina) _404 - UCED Slovensko a. s.","og_description":"Przepraszamy, ten wpis jest dost\u0119pny tylko w j\u0119zyku Sloven\u010dina.","og_url":"https:\/\/www.ucedslovensko.sk\/pl\/_404\/","og_site_name":"UCED Slovensko a. s.","article_modified_time":"2023-10-05T07:51:09+00:00","og_image":[{"width":120,"height":120,"url":"https:\/\/www.ucedslovensko.sk\/wp-content\/uploads\/2019\/09\/logo.png","type":"image\/png"}],"twitter_card":"summary_large_image","twitter_misc":{"Szacowany czas czytania":"1 minuta"},"schema":{"@context":"https:\/\/schema.org","@graph":[{"@type":"WebPage","@id":"https:\/\/www.ucedslovensko.sk\/pl\/_404\/","url":"https:\/\/www.ucedslovensko.sk\/pl\/_404\/","name":"(Sloven\u010dina) _404 - UCED Slovensko a. s.","isPartOf":{"@id":"https:\/\/www.ucedslovensko.sk\/pl\/#website"},"datePublished":"2019-09-12T14:12:38+00:00","dateModified":"2023-10-05T07:51:09+00:00","breadcrumb":{"@id":"https:\/\/www.ucedslovensko.sk\/pl\/_404\/#breadcrumb"},"inLanguage":"pl-PL","potentialAction":[{"@type":"ReadAction","target":[["https:\/\/www.ucedslovensko.sk\/pl\/_404\/"]]}]},{"@type":"BreadcrumbList","@id":"https:\/\/www.ucedslovensko.sk\/pl\/_404\/#breadcrumb","itemListElement":[{"@type":"ListItem","position":1,"name":"Domovsk\u00e1 str\u00e1nka","item":"https:\/\/www.ucedslovensko.sk\/pl\/"},{"@type":"ListItem","position":2,"name":"_404"}]},{"@type":"WebSite","@id":"https:\/\/www.ucedslovensko.sk\/pl\/#website","url":"https:\/\/www.ucedslovensko.sk\/pl\/","name":"GGE","description":"Energia ma imi\u0119.","publisher":{"@id":"https:\/\/www.ucedslovensko.sk\/pl\/#organization"},"potentialAction":[{"@type":"SearchAction","target":{"@type":"EntryPoint","urlTemplate":"https:\/\/www.ucedslovensko.sk\/pl\/?s={search_term_string}"},"query-input":{"@type":"PropertyValueSpecification","valueRequired":true,"valueName":"search_term_string"}}],"inLanguage":"pl-PL"},{"@type":"Organization","@id":"https:\/\/www.ucedslovensko.sk\/pl\/#organization","name":"GGE a.s.","url":"https:\/\/www.ucedslovensko.sk\/pl\/","logo":{"@type":"ImageObject","inLanguage":"pl-PL","@id":"https:\/\/www.ucedslovensko.sk\/pl\/#\/schema\/logo\/image\/","url":"https:\/\/www.ucedslovensko.sk\/wp-content\/uploads\/2024\/06\/logo.svg","contentUrl":"https:\/\/www.ucedslovensko.sk\/wp-content\/uploads\/2024\/06\/logo.svg","width":1059,"height":326,"caption":"GGE a.s."},"image":{"@id":"https:\/\/www.ucedslovensko.sk\/pl\/#\/schema\/logo\/image\/"}}]}},"_links":{"self":[{"href":"https:\/\/www.ucedslovensko.sk\/pl\/wp-json\/wp\/v2\/pages\/233","targetHints":{"allow":["GET"]}}],"collection":[{"href":"https:\/\/www.ucedslovensko.sk\/pl\/wp-json\/wp\/v2\/pages"}],"about":[{"href":"https:\/\/www.ucedslovensko.sk\/pl\/wp-json\/wp\/v2\/types\/page"}],"author":[{"embeddable":true,"href":"https:\/\/www.ucedslovensko.sk\/pl\/wp-json\/wp\/v2\/users\/4"}],"replies":[{"embeddable":true,"href":"https:\/\/www.ucedslovensko.sk\/pl\/wp-json\/wp\/v2\/comments?post=233"}],"version-history":[{"count":0,"href":"https:\/\/www.ucedslovensko.sk\/pl\/wp-json\/wp\/v2\/pages\/233\/revisions"}],"wp:attachment":[{"href":"https:\/\/www.ucedslovensko.sk\/pl\/wp-json\/wp\/v2\/media?parent=233"}],"curies":[{"name":"wp","href":"https:\/\/api.w.org\/{rel}","templated":true}]}}